{"id":4015,"date":"2012-06-13T20:19:39","date_gmt":"2012-06-13T18:19:39","guid":{"rendered":"http:\/\/chiusoperrapina.noblogs.org\/?page_id=4015"},"modified":"2012-09-12T14:52:17","modified_gmt":"2012-09-12T12:52:17","slug":"chiuso-per-rapina","status":"publish","type":"page","link":"https:\/\/chiusoperrapina.noblogs.org\/?page_id=4015","title":{"rendered":"&#8211; Chiuso per Rapina"},"content":{"rendered":"<p>Di solito cerco di non pubblicare le notizie di eventuali arresti ma, cercando gli articoli sui giornali di regime, l&#8217;arresto di una persona \u00e8 una &#8220;vittoria&#8221; e &#8220;fa notizia&#8221;. La repressione sembra &#8220;la voce pi\u00f9 forte&#8221; ma i fatti di tutti i giorni raccontano invece una realt\u00e0 diversa e si capisce che la repressione \u00e8 semplicemente &#8220;la voce del pi\u00f9 forte&#8221; e come tale racconta solo una parte della realt\u00e0.<\/p>\n<p>Uomini e donne decidono le sorti del pianeta, lo distruggono e proteggono solo chi detiene soldi e potere ma sono in tanti i cavalieri solitari, spinti dalla passione, o semplici sfruttati che si ribellano al loro ruolo imposto! Tutti i giorni, in tutto il mondo, singoli e\/o gruppi assaltano, distruggono, colpiscono questa infame societ\u00e0, questa enorme grande gabbia! .. e la rabbia \u00e8 un&#8217;onda che non si pu\u00f2 fermare!<\/p>\n<p>L&#8217;idea di questo blog \u00e8 nata per dare spazio, voce e luce, alle continue FERITE, in questo caso economiche, del sistema. Non va mai dimenticato che questo sistema pu\u00f2 essere distrutto!<\/p>\n<p>Solidariet\u00e0 a chi colpisce e danneggia il Sistema!<\/p>\n<p>Che aumentino le rapine, i danni, le azioni contro questa societ\u00e0 e chi la produce!<\/p>\n<p>Torino, 13\/6\/2012 &#8211; Una delinquente comune, da anni marchiata<\/p>\n","protected":false},"excerpt":{"rendered":"<p>Di solito cerco di non pubblicare le notizie di eventuali arresti ma, cercando gli articoli sui giornali di regime, l&#8217;arresto di una persona \u00e8 una &#8220;vittoria&#8221; e &#8220;fa notizia&#8221;. La repressione sembra &#8220;la voce pi\u00f9 forte&#8221; ma i fatti di &hellip; <a href=\"https:\/\/chiusoperrapina.noblogs.org\/?page_id=4015\">Continua a leggere<span class=\"meta-nav\">&rarr;<\/span><\/a><\/p>\n","protected":false},"author":1461,"featured_media":0,"parent":0,"menu_order":0,"comment_status":"open","ping_status":"closed","template":"","meta":{"footnotes":""},"class_list":["post-4015","page","type-page","status-publish","hentry"],"_links":{"self":[{"href":"https:\/\/chiusoperrapina.noblogs.org\/index.php?rest_route=\/wp\/v2\/pages\/4015","targetHints":{"allow":["GET"]}}],"collection":[{"href":"https:\/\/chiusoperrapina.noblogs.org\/index.php?rest_route=\/wp\/v2\/pages"}],"about":[{"href":"https:\/\/chiusoperrapina.noblogs.org\/index.php?rest_route=\/wp\/v2\/types\/page"}],"author":[{"embeddable":true,"href":"https:\/\/chiusoperrapina.noblogs.org\/index.php?rest_route=\/wp\/v2\/users\/1461"}],"replies":[{"embeddable":true,"href":"https:\/\/chiusoperrapina.noblogs.org\/index.php?rest_route=%2Fwp%2Fv2%2Fcomments&post=4015"}],"version-history":[{"count":7,"href":"https:\/\/chiusoperrapina.noblogs.org\/index.php?rest_route=\/wp\/v2\/pages\/4015\/revisions"}],"predecessor-version":[{"id":4028,"href":"https:\/\/chiusoperrapina.noblogs.org\/index.php?rest_route=\/wp\/v2\/pages\/4015\/revisions\/4028"}],"wp:attachment":[{"href":"https:\/\/chiusoperrapina.noblogs.org\/index.php?rest_route=%2Fwp%2Fv2%2Fmedia&parent=4015"}],"curies":[{"name":"wp","href":"https:\/\/api.w.org\/{rel}","templated":true}]}}