{"id":2,"date":"2010-08-11T10:01:44","date_gmt":"2010-08-11T10:01:44","guid":{"rendered":"http:\/\/chiusoperrapina.noblogs.autistici.org\/?page_id=2"},"modified":"2012-05-27T21:16:51","modified_gmt":"2012-05-27T19:16:51","slug":"about","status":"publish","type":"page","link":"https:\/\/chiusoperrapina.noblogs.org\/?page_id=2","title":{"rendered":"La Propriet\u00e0 \u00e8 un furto"},"content":{"rendered":"<p style=\"text-align: justify\"><strong>&#8221; La propriet\u00e9 c&#8217;est le vol ! &#8220;<\/strong><br \/>\nLa frase \u00e8 tratta da &#8220;Che cos&#8217;\u00e8 la propriet\u00e0&#8221; di <em>Pierre-Joseph Proudhon<\/em> (1809-1865), filosofo e anarchico francese<\/p>\n<p style=\"text-align: center\">&#8221; Property is theft &#8221; &#8211; <em>&#8221; \u03b9\u03b4\u03b9\u03bf\u03ba\u03c4\u03b7\u03c3\u03af\u03b1 \u03b5\u03af\u03bd\u03b1\u03b9 \u03ba\u03bb\u03bf\u03c0\u03ae &#8220;<\/em> &#8211;<br \/>\n&#8221; Propietat \u00e9s un robatori &#8221; &#8211; <em>&#8221; Propiedad es un robo &#8220;<\/em><br \/>\n&#8221; Proprietate este furt &#8221; &#8211; <em>&#8221; Eigentum ist Diebstahl &#8220;<\/em><\/p>\n<p><em><a href=\"https:\/\/chiusoperrapina.noblogs.org\/files\/2010\/08\/chihaorecchieintenda.jpg\"><img loading=\"lazy\" decoding=\"async\" class=\"size-medium wp-image-491 aligncenter\" src=\"https:\/\/chiusoperrapina.noblogs.org\/files\/2010\/08\/chihaorecchieintenda-300x211.jpg\" alt=\"\" width=\"477\" height=\"335\" \/><\/a><\/em><\/p>\n","protected":false},"excerpt":{"rendered":"<p>&#8221; La propriet\u00e9 c&#8217;est le vol ! &#8220; La frase \u00e8 tratta da &#8220;Che cos&#8217;\u00e8 la propriet\u00e0&#8221; di Pierre-Joseph Proudhon (1809-1865), filosofo e anarchico francese &#8221; Property is theft &#8221; &#8211; &#8221; \u03b9\u03b4\u03b9\u03bf\u03ba\u03c4\u03b7\u03c3\u03af\u03b1 \u03b5\u03af\u03bd\u03b1\u03b9 \u03ba\u03bb\u03bf\u03c0\u03ae &#8220; &#8211; &#8221; Propietat \u00e9s &hellip; <a href=\"https:\/\/chiusoperrapina.noblogs.org\/?page_id=2\">Continua a leggere<span class=\"meta-nav\">&rarr;<\/span><\/a><\/p>\n","protected":false},"author":1461,"featured_media":0,"parent":0,"menu_order":0,"comment_status":"closed","ping_status":"open","template":"","meta":{"footnotes":""},"class_list":["post-2","page","type-page","status-publish","hentry"],"_links":{"self":[{"href":"https:\/\/chiusoperrapina.noblogs.org\/index.php?rest_route=\/wp\/v2\/pages\/2","targetHints":{"allow":["GET"]}}],"collection":[{"href":"https:\/\/chiusoperrapina.noblogs.org\/index.php?rest_route=\/wp\/v2\/pages"}],"about":[{"href":"https:\/\/chiusoperrapina.noblogs.org\/index.php?rest_route=\/wp\/v2\/types\/page"}],"author":[{"embeddable":true,"href":"https:\/\/chiusoperrapina.noblogs.org\/index.php?rest_route=\/wp\/v2\/users\/1461"}],"replies":[{"embeddable":true,"href":"https:\/\/chiusoperrapina.noblogs.org\/index.php?rest_route=%2Fwp%2Fv2%2Fcomments&post=2"}],"version-history":[{"count":8,"href":"https:\/\/chiusoperrapina.noblogs.org\/index.php?rest_route=\/wp\/v2\/pages\/2\/revisions"}],"predecessor-version":[{"id":450,"href":"https:\/\/chiusoperrapina.noblogs.org\/index.php?rest_route=\/wp\/v2\/pages\/2\/revisions\/450"}],"wp:attachment":[{"href":"https:\/\/chiusoperrapina.noblogs.org\/index.php?rest_route=%2Fwp%2Fv2%2Fmedia&parent=2"}],"curies":[{"name":"wp","href":"https:\/\/api.w.org\/{rel}","templated":true}]}}