{"id":1836,"date":"2011-05-09T23:19:20","date_gmt":"2011-05-09T21:19:20","guid":{"rendered":"http:\/\/chiusoperrapina.noblogs.org\/?page_id=1836"},"modified":"2011-05-09T23:31:58","modified_gmt":"2011-05-09T21:31:58","slug":"mitologia-greca","status":"publish","type":"page","link":"https:\/\/chiusoperrapina.noblogs.org\/?page_id=1836","title":{"rendered":"Mitologia greca"},"content":{"rendered":"<h2><em><strong>PROMETEO<\/strong><\/em><\/h2>\n<p><a href=\"https:\/\/chiusoperrapina.noblogs.org\/files\/2011\/05\/prometeo-ruba-il-fuoco.jpg\"><img loading=\"lazy\" decoding=\"async\" class=\"alignleft size-full wp-image-1837\" src=\"https:\/\/chiusoperrapina.noblogs.org\/files\/2011\/05\/prometeo-ruba-il-fuoco.jpg\" alt=\"\" width=\"187\" height=\"270\" \/><\/a>Secondo la Mitologia Greca, Prometeo Rub\u00f2 il Fuoco agli Dei per donarlo agli uomini bisognosi di aiuto.<\/p>\n<p>Rub\u00f2 inoltre uno scrigno, in casa di Atena, in cui erano riposte l&#8217;intelligenza e la memoria.. e la don\u00f2 alla specie umana.<a href=\"https:\/\/chiusoperrapina.noblogs.org\/files\/2011\/05\/Prometeo-condannato.jpg\"><img loading=\"lazy\" decoding=\"async\" class=\"size-thumbnail wp-image-1838 alignleft\" src=\"https:\/\/chiusoperrapina.noblogs.org\/files\/2011\/05\/Prometeo-condannato-150x150.jpg\" alt=\"\" width=\"150\" height=\"150\" \/><\/a><\/p>\n<p>Fu punito dagli Dei che lo incatenarono ad una Montagna mentre un&#8217;Aquila gli divorava il fegato&#8230;<\/p>\n<p><a href=\"https:\/\/chiusoperrapina.noblogs.org\/files\/2011\/05\/ermes.jpg\"><\/a>&#8212;&#8212;&#8212;&#8212;&#8212;&#8212;&#8212;&#8212;&#8212;&#8212;&#8212;&#8212;&#8212;&#8212;&#8212;&#8212;&#8212;&#8212;&#8212;&#8212;&#8212;&#8212;&#8212;&#8212;&#8212;&#8212;&#8212;&#8212;&#8212;&#8212;&#8212;&#8212;&#8212;&#8212;&#8212;&#8212;&#8211;<\/p>\n<h2><em><strong>ERMES<\/strong><\/em><\/h2>\n<p><a href=\"https:\/\/chiusoperrapina.noblogs.org\/files\/2011\/05\/ermes1.jpg\"><img loading=\"lazy\" decoding=\"async\" class=\"alignleft size-medium wp-image-1840\" src=\"https:\/\/chiusoperrapina.noblogs.org\/files\/2011\/05\/ermes1-226x300.jpg\" alt=\"\" width=\"226\" height=\"300\" srcset=\"https:\/\/chiusoperrapina.noblogs.org\/files\/2011\/05\/ermes1-226x300.jpg 226w, https:\/\/chiusoperrapina.noblogs.org\/files\/2011\/05\/ermes1.jpg 250w\" sizes=\"auto, (max-width: 226px) 100vw, 226px\" \/><\/a>Figlio di Zeus e di Maia, nato in una grotta sul monte Cillene, a sud dell&#8217;Arcadia. Appena nato fugg\u00ec slegandosi dalle fasce, e and\u00f2 a rubare in cinquanta giovenche dalle mandrie di Apollo e comprandosi il silenzio di Batto, unico testimone del furto, le nascose in una caverna di Pilo, dove nessuno poteva trovarle. Poi ritorn\u00f2 nella sua grotta di Cillene, e all&#8217;ingresso trov\u00f2 una tartaruga. Con il guscio della tartaruga costru\u00ec una lira. Apollo, infuriato per la perdita delle sue bestie, fu tuttavia rabbonito dal suono dello strumento, che acconsent\u00ec a prendere in cambio delle giovenche rubate. Pi\u00f9 tardi Ermes invent\u00f2 ancheil flauto e Apollo compr\u00f2 anche questo, dandogli in cambo la verga d&#8217;oro. Zeus lo fece araldo delgi d\u00e8i e gli affid\u00f2 l&#8217;incarico di condurre i morti verso l&#8217;Ade.<\/p>\n","protected":false},"excerpt":{"rendered":"<p>PROMETEO Secondo la Mitologia Greca, Prometeo Rub\u00f2 il Fuoco agli Dei per donarlo agli uomini bisognosi di aiuto. Rub\u00f2 inoltre uno scrigno, in casa di Atena, in cui erano riposte l&#8217;intelligenza e la memoria.. e la don\u00f2 alla specie umana. &hellip; <a href=\"https:\/\/chiusoperrapina.noblogs.org\/?page_id=1836\">Continua a leggere<span class=\"meta-nav\">&rarr;<\/span><\/a><\/p>\n","protected":false},"author":1461,"featured_media":0,"parent":0,"menu_order":0,"comment_status":"open","ping_status":"open","template":"","meta":{"footnotes":""},"class_list":["post-1836","page","type-page","status-publish","hentry"],"_links":{"self":[{"href":"https:\/\/chiusoperrapina.noblogs.org\/index.php?rest_route=\/wp\/v2\/pages\/1836","targetHints":{"allow":["GET"]}}],"collection":[{"href":"https:\/\/chiusoperrapina.noblogs.org\/index.php?rest_route=\/wp\/v2\/pages"}],"about":[{"href":"https:\/\/chiusoperrapina.noblogs.org\/index.php?rest_route=\/wp\/v2\/types\/page"}],"author":[{"embeddable":true,"href":"https:\/\/chiusoperrapina.noblogs.org\/index.php?rest_route=\/wp\/v2\/users\/1461"}],"replies":[{"embeddable":true,"href":"https:\/\/chiusoperrapina.noblogs.org\/index.php?rest_route=%2Fwp%2Fv2%2Fcomments&post=1836"}],"version-history":[{"count":3,"href":"https:\/\/chiusoperrapina.noblogs.org\/index.php?rest_route=\/wp\/v2\/pages\/1836\/revisions"}],"predecessor-version":[{"id":1842,"href":"https:\/\/chiusoperrapina.noblogs.org\/index.php?rest_route=\/wp\/v2\/pages\/1836\/revisions\/1842"}],"wp:attachment":[{"href":"https:\/\/chiusoperrapina.noblogs.org\/index.php?rest_route=%2Fwp%2Fv2%2Fmedia&parent=1836"}],"curies":[{"name":"wp","href":"https:\/\/api.w.org\/{rel}","templated":true}]}}