{"id":1625,"date":"2012-05-25T10:05:01","date_gmt":"2012-05-25T08:05:01","guid":{"rendered":"http:\/\/chiusoperrapina.noblogs.org\/?page_id=1625"},"modified":"2012-09-12T14:56:44","modified_gmt":"2012-09-12T12:56:44","slug":"cerca","status":"publish","type":"page","link":"https:\/\/chiusoperrapina.noblogs.org\/?page_id=1625","title":{"rendered":"Cerca"},"content":{"rendered":"<p><a href=\"https:\/\/chiusoperrapina.noblogs.org\/files\/2011\/05\/muri-lungaVitaAiRibelli.png\"><img loading=\"lazy\" decoding=\"async\" class=\"alignleft  wp-image-3589\" src=\"https:\/\/chiusoperrapina.noblogs.org\/files\/2011\/05\/muri-lungaVitaAiRibelli.png\" alt=\"\" width=\"199\" height=\"160\" \/><\/a>Nel blog mancano diverse storie, racconti, aneddoti od accuse legali di furto e\/o rapina che hanno portato in carcere tanti, troppi, amici, compagni anarchici, compagni rivoluzionari in Italia e non solo.<br \/>\nAnche se utilizzo spesso il computer e ho creato questo blog perch\u00e8 mi diverte tantissimo, in realt\u00e0 non amo stare molto davanti allo schermo.<br \/>\nQuindi, se fino ad oggi non avete trovato alcune notizie, \u00e8 solo a causa della mia pigrizia, nulla pi\u00f9! Piano piano.. colmer\u00f2 le lacune.<\/p>\n","protected":false},"excerpt":{"rendered":"<p>Nel blog mancano diverse storie, racconti, aneddoti od accuse legali di furto e\/o rapina che hanno portato in carcere tanti, troppi, amici, compagni anarchici, compagni rivoluzionari in Italia e non solo. Anche se utilizzo spesso il computer e ho creato &hellip; <a href=\"https:\/\/chiusoperrapina.noblogs.org\/?page_id=1625\">Continua a leggere<span class=\"meta-nav\">&rarr;<\/span><\/a><\/p>\n","protected":false},"author":1461,"featured_media":0,"parent":0,"menu_order":0,"comment_status":"open","ping_status":"open","template":"","meta":{"footnotes":""},"class_list":["post-1625","page","type-page","status-publish","hentry"],"_links":{"self":[{"href":"https:\/\/chiusoperrapina.noblogs.org\/index.php?rest_route=\/wp\/v2\/pages\/1625","targetHints":{"allow":["GET"]}}],"collection":[{"href":"https:\/\/chiusoperrapina.noblogs.org\/index.php?rest_route=\/wp\/v2\/pages"}],"about":[{"href":"https:\/\/chiusoperrapina.noblogs.org\/index.php?rest_route=\/wp\/v2\/types\/page"}],"author":[{"embeddable":true,"href":"https:\/\/chiusoperrapina.noblogs.org\/index.php?rest_route=\/wp\/v2\/users\/1461"}],"replies":[{"embeddable":true,"href":"https:\/\/chiusoperrapina.noblogs.org\/index.php?rest_route=%2Fwp%2Fv2%2Fcomments&post=1625"}],"version-history":[{"count":7,"href":"https:\/\/chiusoperrapina.noblogs.org\/index.php?rest_route=\/wp\/v2\/pages\/1625\/revisions"}],"predecessor-version":[{"id":3588,"href":"https:\/\/chiusoperrapina.noblogs.org\/index.php?rest_route=\/wp\/v2\/pages\/1625\/revisions\/3588"}],"wp:attachment":[{"href":"https:\/\/chiusoperrapina.noblogs.org\/index.php?rest_route=%2Fwp%2Fv2%2Fmedia&parent=1625"}],"curies":[{"name":"wp","href":"https:\/\/api.w.org\/{rel}","templated":true}]}}